{"id":581,"date":"2021-11-06T21:26:24","date_gmt":"2021-11-06T20:26:24","guid":{"rendered":"https:\/\/cargo-bajkeri.cz\/?page_id=581"},"modified":"2021-11-07T15:13:49","modified_gmt":"2021-11-07T14:13:49","slug":"preprava-baliku-a-zasilek","status":"publish","type":"page","link":"https:\/\/cargo-bajkeri.cz\/?page_id=581","title":{"rendered":"Rozvoz bal\u00edk\u016f a z\u00e1silek na n\u00e1kladn\u00edm kole a poch\u016fzkou"},"content":{"rendered":"\n<section class=\"wp-block-themeisle-blocks-advanced-columns alignfull has-1-columns has-desktop-equal-layout has-tablet-equal-layout has-mobile-equal-layout has-nogap-gap has-vertical-flex-start\" id=\"wp-block-themeisle-blocks-advanced-columns-0a508e8d\"><div class=\"wp-block-themeisle-blocks-advanced-columns-overlay\"><\/div><div class=\"innerblocks-wrap\">\n<div class=\"wp-block-themeisle-blocks-advanced-column\" id=\"wp-block-themeisle-blocks-advanced-column-c5ce68ad\">\n<section class=\"wp-block-themeisle-blocks-advanced-columns has-2-columns has-desktop-equal-layout has-tablet-equal-layout has-mobile-collapsedRows-layout has-nogap-gap has-vertical-flex-start\" id=\"wp-block-themeisle-blocks-advanced-columns-ba5ece66\"><div class=\"wp-block-themeisle-blocks-advanced-columns-overlay\"><\/div><div class=\"innerblocks-wrap\">\n<div class=\"wp-block-themeisle-blocks-advanced-column\" id=\"wp-block-themeisle-blocks-advanced-column-211f2643\"><p class='wp-call-button-block-button'><a class='wp-call-button-in-btn' href='tel:+420228224068' style='' ><svg x=\"0px\" y=\"0px\" width=\"459px\" height=\"459px\" viewBox=\"0 0 459 459\">\n\t\t\t\t<path\n\t\t\t\t\td=\"M91.8,198.9c35.7,71.4,96.9,130.05,168.3,168.3L316.2,311.1c7.649-7.649,17.85-10.199,25.5-5.1c28.05,10.2,58.649,15.3,91.8,15.3c15.3,0,25.5,10.2,25.5,25.5v86.7c0,15.3-10.2,25.5-25.5,25.5C193.8,459,0,265.2,0,25.5C0,10.2,10.2,0,25.5,0h89.25c15.3,0,25.5,10.2,25.5,25.5c0,30.6,5.1,61.2,15.3,91.8c2.55,7.65,0,17.85-5.1,25.5L91.8,198.9z\"\n\t\t\t\t\/>\n\t\t\t<\/svg> Zavolejte&#8230;<\/a><\/p>\n\n\n<h2 class=\"has-text-align-left wp-block-heading\">Rozvoz bal\u00edk\u016f a z\u00e1silek<\/h2>\n\n\n\n<p>P\u0159epravujeme bal\u00edky a z\u00e1silky z e-shop\u016f p\u0159\u00edmo do rukou adres\u00e1ta na n\u00e1kladn\u00edch kolech \u010di poch\u016fzkou. Na\u0161e profesion\u00e1ln\u00ed z\u00e1zem\u00ed v podob\u011b z\u00e1kaznick\u00e9ho centra poskytuje adres\u00e1t\u016fm komplexn\u00ed slu\u017eby.<\/p>\n<\/div>\n\n\n\n<div class=\"wp-block-themeisle-blocks-advanced-column\" id=\"wp-block-themeisle-blocks-advanced-column-5a6085a7\">\n<div class=\"wp-block-image is-style-default\"><figure class=\"aligncenter size-large is-resized\"><img loading=\"lazy\" decoding=\"async\" src=\"https:\/\/cargo-bajkeri.cz\/wp-content\/uploads\/2021\/11\/4AVs.eu-logo-v2.1-1024x1022.jpg\" alt=\"\" class=\"wp-image-565\" width=\"170\" height=\"170\" srcset=\"https:\/\/cargo-bajkeri.cz\/wp-content\/uploads\/2021\/11\/4AVs.eu-logo-v2.1-1024x1022.jpg 1024w, https:\/\/cargo-bajkeri.cz\/wp-content\/uploads\/2021\/11\/4AVs.eu-logo-v2.1-300x300.jpg 300w, https:\/\/cargo-bajkeri.cz\/wp-content\/uploads\/2021\/11\/4AVs.eu-logo-v2.1-150x150.jpg 150w, https:\/\/cargo-bajkeri.cz\/wp-content\/uploads\/2021\/11\/4AVs.eu-logo-v2.1-768x766.jpg 768w, https:\/\/cargo-bajkeri.cz\/wp-content\/uploads\/2021\/11\/4AVs.eu-logo-v2.1-1536x1533.jpg 1536w, https:\/\/cargo-bajkeri.cz\/wp-content\/uploads\/2021\/11\/4AVs.eu-logo-v2.1-2048x2044.jpg 2048w, https:\/\/cargo-bajkeri.cz\/wp-content\/uploads\/2021\/11\/4AVs.eu-logo-v2.1-250x250.jpg 250w, https:\/\/cargo-bajkeri.cz\/wp-content\/uploads\/2021\/11\/4AVs.eu-logo-v2.1-174x174.jpg 174w, https:\/\/cargo-bajkeri.cz\/wp-content\/uploads\/2021\/11\/4AVs.eu-logo-v2.1-120x120.jpg 120w, https:\/\/cargo-bajkeri.cz\/wp-content\/uploads\/2021\/11\/4AVs.eu-logo-v2.1-100x100.jpg 100w\" sizes=\"(max-width: 170px) 100vw, 170px\" \/><\/figure><\/div>\n<\/div>\n<\/div><\/section>\n\n\n\n<section class=\"wp-block-themeisle-blocks-advanced-columns has-3-columns has-desktop-equal-layout has-tablet-equal-layout has-mobile-collapsedRows-layout has-nogap-gap has-vertical-flex-start\" id=\"wp-block-themeisle-blocks-advanced-columns-f65eb702\"><div class=\"wp-block-themeisle-blocks-advanced-columns-overlay\"><\/div><div class=\"innerblocks-wrap\">\n<div class=\"wp-block-themeisle-blocks-advanced-column\" id=\"wp-block-themeisle-blocks-advanced-column-8ff5169c\">\n<h3 class=\"has-text-align-left wp-block-heading\">Nakl\u00e1dka <\/h3>\n\n\n\n<p class=\"has-text-align-left\">Nalo\u017e\u00edme va\u0161e bal\u00edky a z\u00e1silky v m\u00edst\u011b va\u0161eho skladu (ide\u00e1ln\u011b v centr\u00e1ln\u00ed \u010d\u00e1sti m\u011bsta \u010di ve smluven\u00edm depo stanovi\u0161ti).<\/p>\n<\/div>\n\n\n\n<div class=\"wp-block-themeisle-blocks-advanced-column\" id=\"wp-block-themeisle-blocks-advanced-column-51f4f5b7\">\n<h3 class=\"has-text-align-left wp-block-heading\">Rozvoz <\/h3>\n\n\n\n<p class=\"has-text-align-left\">Rozvezeme va\u0161e z\u00e1silky do smluven\u00fdch ulic a region\u016f centr\u00e1ln\u00edch \u010d\u00e1st\u00ed krajsk\u00fdch m\u011bst, garantujeme \u0161etrnost rozvozu a bez-emisnost.<\/p>\n<\/div>\n\n\n\n<div class=\"wp-block-themeisle-blocks-advanced-column\" id=\"wp-block-themeisle-blocks-advanced-column-92a46e8b\">\n<h3 class=\"has-text-align-left wp-block-heading\">Bezpe\u010dnost<\/h3>\n\n\n\n<p class=\"has-text-align-left\">Po celou dobu \u017eivotn\u00edho cyklu rozvozu v\u00e1m garantujeme  maxim\u00e1ln\u00ed bezpe\u010dnost zbo\u017e\u00ed a p\u00e9\u010di o komunikaci s adres\u00e1tem, na\u0161e z\u00e1kaznick\u00e9 centrum je k dispozici.<\/p>\n<\/div>\n<\/div><\/section>\n\n\n\n<section class=\"wp-block-themeisle-blocks-advanced-columns has-3-columns has-desktop-equal-layout has-tablet-equal-layout has-mobile-collapsedRows-layout has-nogap-gap has-vertical-flex-start\" id=\"wp-block-themeisle-blocks-advanced-columns-d26b8bc7\"><div class=\"wp-block-themeisle-blocks-advanced-columns-overlay\"><\/div><div class=\"innerblocks-wrap\">\n<div class=\"wp-block-themeisle-blocks-advanced-column\" id=\"wp-block-themeisle-blocks-advanced-column-56184d6c\">\n<h3 class=\"has-text-align-left wp-block-heading\">P\u0159ed\u00e1n\u00ed <\/h3>\n\n\n\n<p>P\u0159ed\u00e1n\u00ed z\u00e1silek je mo\u017en\u00e9 kontaktn\u011b i bezkontaktn\u011b, dle preferenc\u00ed a p\u0159\u00e1n\u00ed adres\u00e1ta, p\u0159edev\u0161\u00edm pak ku prosp\u011bchu adres\u00e1ta v re\u017eimu &#8222;p\u0159\u00e1telsk\u00e9 doru\u010dov\u00e1n\u00ed na adresu&#8220;.<\/p>\n<\/div>\n\n\n\n<div class=\"wp-block-themeisle-blocks-advanced-column\" id=\"wp-block-themeisle-blocks-advanced-column-542b400e\">\n<h3 class=\"has-text-align-left wp-block-heading\">Vyhodnocen\u00ed <\/h3>\n\n\n\n<p>Pravideln\u011b vyhodnocujeme a analyzujeme provoz ve prosp\u011bch dal\u0161\u00edho rozvoje bezemisn\u00ed p\u0159epravy zbo\u017e\u00ed, ve prosp\u011bch efektivity dod\u00e1vek a celkov\u00e9 spokojenosti adres\u00e1t\u016f.<\/p>\n<\/div>\n\n\n\n<div class=\"wp-block-themeisle-blocks-advanced-column\" id=\"wp-block-themeisle-blocks-advanced-column-9575dacb\">\n<h3 class=\"wp-block-heading\">Ceny<\/h3>\n\n\n\n<p>Kompletn\u00ed cen\u00edk je k dispozici na vy\u017e\u00e1d\u00e1n\u00ed, dle charakteru rozvozu je mo\u017en\u00e9 dohodnout i individu\u00e1ln\u011b nastaven\u00fd cen\u00edk. <\/p>\n<\/div>\n<\/div><\/section>\n<\/div>\n<\/div><\/section>\n","protected":false},"excerpt":{"rendered":"","protected":false},"author":1,"featured_media":0,"parent":0,"menu_order":0,"comment_status":"closed","ping_status":"closed","template":"","meta":{"footnotes":""},"_links":{"self":[{"href":"https:\/\/cargo-bajkeri.cz\/index.php?rest_route=\/wp\/v2\/pages\/581"}],"collection":[{"href":"https:\/\/cargo-bajkeri.cz\/index.php?rest_route=\/wp\/v2\/pages"}],"about":[{"href":"https:\/\/cargo-bajkeri.cz\/index.php?rest_route=\/wp\/v2\/types\/page"}],"author":[{"embeddable":true,"href":"https:\/\/cargo-bajkeri.cz\/index.php?rest_route=\/wp\/v2\/users\/1"}],"replies":[{"embeddable":true,"href":"https:\/\/cargo-bajkeri.cz\/index.php?rest_route=%2Fwp%2Fv2%2Fcomments&post=581"}],"version-history":[{"count":14,"href":"https:\/\/cargo-bajkeri.cz\/index.php?rest_route=\/wp\/v2\/pages\/581\/revisions"}],"predecessor-version":[{"id":665,"href":"https:\/\/cargo-bajkeri.cz\/index.php?rest_route=\/wp\/v2\/pages\/581\/revisions\/665"}],"wp:attachment":[{"href":"https:\/\/cargo-bajkeri.cz\/index.php?rest_route=%2Fwp%2Fv2%2Fmedia&parent=581"}],"curies":[{"name":"wp","href":"https:\/\/api.w.org\/{rel}","templated":true}]}}