{"id":592,"date":"2021-11-06T21:50:07","date_gmt":"2021-11-06T20:50:07","guid":{"rendered":"https:\/\/cargo-bajkeri.cz\/?page_id=592"},"modified":"2023-07-23T13:10:48","modified_gmt":"2023-07-23T14:10:48","slug":"preprava-euro-kontejneru-pro-prevoz-zbozi-vseho-druhu","status":"publish","type":"page","link":"https:\/\/cargo-bajkeri.cz\/?page_id=592","title":{"rendered":"Bezemisn\u00ed kontejnerov\u00e1 p\u0159eprava zbo\u017e\u00ed  v Praze"},"content":{"rendered":"\n<style id=\"bwg-style-0\">    #bwg_container1_0 #bwg_container2_0 .bwg-container-0.bwg-standard-thumbnails {      width: 1254px;              justify-content: center;        margin:0 auto !important;              background-color: rgba(255, 255, 255, 0.00);            padding-left: 4px;      padding-top: 4px;      max-width: 100%;            }        #bwg_container1_0 #bwg_container2_0 .bwg-container-0.bwg-standard-thumbnails .bwg-item {      justify-content: flex-start;      max-width: 250px;          }    #bwg_container1_0 #bwg_container2_0 .bwg-container-0.bwg-standard-thumbnails .bwg-item > a {       margin-right: 4px;       margin-bottom: 4px;    }    #bwg_container1_0 #bwg_container2_0 .bwg-container-0.bwg-standard-thumbnails .bwg-item0 {      padding: 0px;            background-color:rgba(0,0,0, 0.30);      border: 0px none #CCCCCC;      opacity: 1.00;      border-radius: 0;      box-shadow: ;    }    #bwg_container1_0 #bwg_container2_0 .bwg-container-0.bwg-standard-thumbnails .bwg-item1 img {      max-height: none;      max-width: none;      padding: 0 !important;    }         @media only screen and (min-width: 480px) {\t\t#bwg_container1_0 #bwg_container2_0 .bwg-container-0.bwg-standard-thumbnails .bwg-item1 img {\t\t\t-webkit-transition: all .3s; transition: all .3s;\t\t}\t\t#bwg_container1_0 #bwg_container2_0 .bwg-container-0.bwg-standard-thumbnails .bwg-item1 img:hover {\t\t\t-ms-transform: scale(1.08);\t\t\t-webkit-transform: scale(1.08);\t\t\ttransform: scale(1.08);\t\t}\t\t\t\t.bwg-standard-thumbnails .bwg-zoom-effect .bwg-zoom-effect-overlay {\t\t\t\t\t\tbackground-color:rgba(0,0,0, 0.3);\t\t}\t\t.bwg-standard-thumbnails .bwg-zoom-effect:hover img {\t\t\t-ms-transform: scale(1.08);\t\t\t-webkit-transform: scale(1.08);\t\t\ttransform: scale(1.08);\t\t}\t\t      }\t    #bwg_container1_0 #bwg_container2_0 .bwg-container-0.bwg-standard-thumbnails .bwg-item1 {      padding-top: 56%;    }        #bwg_container1_0 #bwg_container2_0 .bwg-container-0.bwg-standard-thumbnails .bwg-title1 {      position: absolute;      top: 0;      z-index: 100;      width: 100%;      height: 100%;      display: flex;      justify-content: center;      align-content: center;      flex-direction: column;      opacity: 0;    }\t      #bwg_container1_0 #bwg_container2_0 .bwg-container-0.bwg-standard-thumbnails .bwg-title2,    #bwg_container1_0 #bwg_container2_0 .bwg-container-0.bwg-standard-thumbnails .bwg-ecommerce2 {      color: #FFFFFF;      font-family: Ubuntu;      font-size: 16px;      font-weight: bold;      padding: 2px;      text-shadow: ;      max-height: 100%;    }    #bwg_container1_0 #bwg_container2_0 .bwg-container-0.bwg-standard-thumbnails .bwg-thumb-description span {    color: #323A45;    font-family: Ubuntu;    font-size: 12px;    max-height: 100%;    word-wrap: break-word;    }    #bwg_container1_0 #bwg_container2_0 .bwg-container-0.bwg-standard-thumbnails .bwg-play-icon2 {      font-size: 32px;    }    #bwg_container1_0 #bwg_container2_0 .bwg-container-0.bwg-standard-thumbnails .bwg-ecommerce2 {      font-size: 19.2px;      color: #323A45;    }    <\/style>    <div id=\"bwg_container1_0\"         class=\"bwg_container bwg_thumbnail bwg_thumbnails\"         data-right-click-protection=\"0\"         data-bwg=\"0\"         data-current-url=\"https:\/\/cargo-bajkeri.cz\/index.php?rest_route=%2Fwp%2Fv2%2Fpages%2F592\"         data-lightbox-url=\"https:\/\/cargo-bajkeri.cz\/wp-admin\/admin-ajax.php?action=GalleryBox&current_view=0&gallery_id=2&tag=0&theme_id=1&shortcode_id=7&sort_by=order&order_by=asc&current_url=https%3A%2F%2Fcargo-bajkeri.cz%2Findex.php%3Frest_route%3D%252Fwp%252Fv2%252Fpages%252F592\"         data-gallery-id=\"2\"         data-popup-width=\"800\"         data-popup-height=\"500\"         data-buttons-position=\"bottom\">      <div id=\"bwg_container2_0\">             <div id=\"ajax_loading_0\" class=\"bwg_loading_div_1\">      <div class=\"bwg_loading_div_2\">        <div class=\"bwg_loading_div_3\">          <div id=\"loading_div_0\" class=\"bwg_spider_ajax_loading\">          <\/div>        <\/div>      <\/div>    <\/div>            <form id=\"gal_front_form_0\"              class=\"bwg-hidden\"              method=\"post\"              action=\"#\"              data-current=\"0\"              data-shortcode-id=\"7\"              data-gallery-type=\"thumbnails\"              data-gallery-id=\"2\"              data-tag=\"0\"              data-album-id=\"0\"              data-theme-id=\"1\"              data-ajax-url=\"https:\/\/cargo-bajkeri.cz\/wp-admin\/admin-ajax.php?action=bwg_frontend_data\">          <div id=\"bwg_container3_0\" class=\"bwg-background bwg-background-0\">                <div data-max-count=\"5\"         data-thumbnail-width=\"250\"         data-bwg=\"0\"         data-gallery-id=\"2\"         data-lightbox-url=\"https:\/\/cargo-bajkeri.cz\/wp-admin\/admin-ajax.php?action=GalleryBox&current_view=0&gallery_id=2&tag=0&theme_id=1&shortcode_id=7&sort_by=order&order_by=asc&current_url=https%3A%2F%2Fcargo-bajkeri.cz%2Findex.php%3Frest_route%3D%252Fwp%252Fv2%252Fpages%252F592\"         id=\"bwg_thumbnails_0\"         class=\"bwg-container-0 bwg-thumbnails bwg-standard-thumbnails bwg-container bwg-border-box\">            <div class=\"bwg-item\">        <a class=\"bwg-a bwg_lightbox\"  data-image-id=\"19\" href=\"https:\/\/cargo-bajkeri.cz\/wp-content\/uploads\/photo-gallery\/imported_from_media_libray\/S-plachtou.jpg?bwg=1690110006\">                <div class=\"bwg-item0 \">          <div class=\"bwg-item1 bwg-zoom-effect\">            <div class=\"bwg-item2\">              <img decoding=\"async\" class=\"skip-lazy bwg_standart_thumb_img_0 \"                   data-id=\"19\"                   data-width=\"\"                   data-height=\"\"                   data-original=\"https:\/\/cargo-bajkeri.cz\/wp-content\/uploads\/photo-gallery\/imported_from_media_libray\/thumb\/S-plachtou.jpg?bwg=1690110006\"                   src=\"https:\/\/cargo-bajkeri.cz\/wp-content\/uploads\/photo-gallery\/imported_from_media_libray\/thumb\/S-plachtou.jpg?bwg=1690110006\"                   alt=\"P\u0159edstaven\u00ed  n\u00e1kladn\u00edho kola\" \/>            <\/div>            <div class=\"bwg-zoom-effect-overlay\">              <div class=\"bwg-title1\"><div class=\"bwg-title2\">P\u0159edstaven\u00ed  n\u00e1kladn\u00edho kola<\/div><\/div>                                        <\/div>          <\/div>        <\/div>                                <\/a>      <\/div>            <div class=\"bwg-item\">        <a class=\"bwg-a bwg_lightbox\"  data-image-id=\"14\" href=\"https:\/\/cargo-bajkeri.cz\/wp-content\/uploads\/photo-gallery\/imported_from_media_libray\/Foto-3.jpg?bwg=1690109428\">                <div class=\"bwg-item0 \">          <div class=\"bwg-item1 bwg-zoom-effect\">            <div class=\"bwg-item2\">              <img decoding=\"async\" class=\"skip-lazy bwg_standart_thumb_img_0 \"                   data-id=\"14\"                   data-width=\"\"                   data-height=\"\"                   data-original=\"https:\/\/cargo-bajkeri.cz\/wp-content\/uploads\/photo-gallery\/imported_from_media_libray\/thumb\/Foto-3.jpg?bwg=1690109428\"                   src=\"https:\/\/cargo-bajkeri.cz\/wp-content\/uploads\/photo-gallery\/imported_from_media_libray\/thumb\/Foto-3.jpg?bwg=1690109428\"                   alt=\"P\u0159eprava potravin\" \/>            <\/div>            <div class=\"bwg-zoom-effect-overlay\">              <div class=\"bwg-title1\"><div class=\"bwg-title2\">P\u0159eprava potravin<\/div><\/div>                                        <\/div>          <\/div>        <\/div>                                <\/a>      <\/div>            <div class=\"bwg-item\">        <a class=\"bwg-a bwg_lightbox\"  data-image-id=\"20\" href=\"https:\/\/cargo-bajkeri.cz\/wp-content\/uploads\/photo-gallery\/imported_from_media_libray\/Foto-2.jpg?bwg=1690110134\">                <div class=\"bwg-item0 \">          <div class=\"bwg-item1 bwg-zoom-effect\">            <div class=\"bwg-item2\">              <img decoding=\"async\" class=\"skip-lazy bwg_standart_thumb_img_0 \"                   data-id=\"20\"                   data-width=\"\"                   data-height=\"\"                   data-original=\"https:\/\/cargo-bajkeri.cz\/wp-content\/uploads\/photo-gallery\/imported_from_media_libray\/thumb\/Foto-2.jpg?bwg=1690110134\"                   src=\"https:\/\/cargo-bajkeri.cz\/wp-content\/uploads\/photo-gallery\/imported_from_media_libray\/thumb\/Foto-2.jpg?bwg=1690110134\"                   alt=\"P\u0159eprava pe\u010dina\" \/>            <\/div>            <div class=\"bwg-zoom-effect-overlay\">              <div class=\"bwg-title1\"><div class=\"bwg-title2\">P\u0159eprava pe\u010dina<\/div><\/div>                                        <\/div>          <\/div>        <\/div>                                <\/a>      <\/div>            <div class=\"bwg-item\">        <a class=\"bwg-a bwg_lightbox\"  data-image-id=\"21\" href=\"https:\/\/cargo-bajkeri.cz\/wp-content\/uploads\/photo-gallery\/imported_from_media_libray\/Foto-1_(1)_(1).jpg?bwg=1690110134\">                <div class=\"bwg-item0 \">          <div class=\"bwg-item1 bwg-zoom-effect\">            <div class=\"bwg-item2\">              <img decoding=\"async\" class=\"skip-lazy bwg_standart_thumb_img_0 \"                   data-id=\"21\"                   data-width=\"\"                   data-height=\"\"                   data-original=\"https:\/\/cargo-bajkeri.cz\/wp-content\/uploads\/photo-gallery\/imported_from_media_libray\/thumb\/Foto-1_(1)_(1).jpg?bwg=1690110134\"                   src=\"https:\/\/cargo-bajkeri.cz\/wp-content\/uploads\/photo-gallery\/imported_from_media_libray\/thumb\/Foto-1_(1)_(1).jpg?bwg=1690110134\"                   alt=\"P\u0159eprava kontejner\u016f\" \/>            <\/div>            <div class=\"bwg-zoom-effect-overlay\">              <div class=\"bwg-title1\"><div class=\"bwg-title2\">P\u0159eprava kontejner\u016f<\/div><\/div>                                        <\/div>          <\/div>        <\/div>                                <\/a>      <\/div>          <\/div>    <style>      \/*pagination styles*\/      #bwg_container1_0 #bwg_container2_0 .tablenav-pages_0 {      text-align: center;      font-size: 12px;      font-family: Ubuntu;      font-weight: bold;      color: #666666;      margin: 6px 0 4px;      display: block;      height: 30px;      line-height: 30px;      }      @media only screen and (max-width : 320px) {      #bwg_container1_0 #bwg_container2_0 .displaying-num_0 {      display: none;      }      }      #bwg_container1_0 #bwg_container2_0 .displaying-num_0 {      font-size: 12px;      font-family: Ubuntu;      font-weight: bold;      color: #666666;      margin-right: 10px;      vertical-align: middle;      }      #bwg_container1_0 #bwg_container2_0 .paging-input_0 {      font-size: 12px;      font-family: Ubuntu;      font-weight: bold;      color: #666666;      vertical-align: middle;      }      #bwg_container1_0 #bwg_container2_0 .tablenav-pages_0 a.disabled,      #bwg_container1_0 #bwg_container2_0 .tablenav-pages_0 a.disabled:hover,      #bwg_container1_0 #bwg_container2_0 .tablenav-pages_0 a.disabled:focus {      cursor: default;      color: rgba(102, 102, 102, 0.5);      }      #bwg_container1_0 #bwg_container2_0 .tablenav-pages_0 a {      cursor: pointer;      font-size: 12px;      font-family: Ubuntu;      font-weight: bold;      color: #666666;      text-decoration: none;      padding: 3px 6px;      margin: 0;      border-radius: 0;      border-style: solid;      border-width: 1px;      border-color: #E3E3E3;      background-color: #FFFFFF;      opacity: 1.00;      box-shadow: 0;      transition: all 0.3s ease 0s;-webkit-transition: all 0.3s ease 0s;      }      <\/style>      <span class=\"bwg_nav_cont_0\">          <div class=\"tablenav-pages_0\">          <\/div>          <input type=\"hidden\" id=\"page_number_0\" name=\"page_number_0\" value=\"1\" \/>    <script type=\"text\/javascript\">      function spider_page_0(cur, x, y, load_more) {        if (typeof load_more == \"undefined\") {          var load_more = false;        }        if (jQuery(cur).hasClass('disabled')) {          return false;        }        var items_county_0 = 1;        switch (y) {          case 1:            if (x >= items_county_0) {              document.getElementById('page_number_0').value = items_county_0;            }            else {              document.getElementById('page_number_0').value = x + 1;            }            break;          case 2:            document.getElementById('page_number_0').value = items_county_0;            break;          case -1:            if (x == 1) {              document.getElementById('page_number_0').value = 1;            }            else {              document.getElementById('page_number_0').value = x - 1;            }            break;          case -2:            document.getElementById('page_number_0').value = 1;            break;          default:            document.getElementById('page_number_0').value = 1;        }        bwg_ajax('gal_front_form_0', '0', 'bwg_thumbnails_0', '0', '', '', 0, '', '', load_more, '', 1);      }                jQuery('.first-page-0').on('click', function () {            spider_page_0(this, 1, -2, 'numeric');            return false;          });          jQuery('.prev-page-0').on('click', function () {            spider_page_0(this, 1, -1, 'numeric');            return false;          });          jQuery('.next-page-0').on('click', function () {            spider_page_0(this, 1, 1, 'numeric');            return false;          });          jQuery('.last-page-0').on('click', function () {            spider_page_0(this, 1, 2, 'numeric');            return false;          });            jQuery('.bwg_load_btn_0').on('click', function () {          spider_page_0(this, 1, 1, true);          return false;      });    <\/script>    <\/span>                <\/div>        <\/form>          <style>          #bwg_container1_0 #bwg_container2_0 #spider_popup_overlay_0 {          background-color: #EEEEEE;          opacity: 0.60;          }          <\/style>        <div id=\"bwg_spider_popup_loading_0\" class=\"bwg_spider_popup_loading\"><\/div>        <div id=\"spider_popup_overlay_0\" class=\"spider_popup_overlay\" onclick=\"spider_destroypopup(1000)\"><\/div>        <input type=\"hidden\" id=\"bwg_random_seed_0\" value=\"306887609\">                <\/div>    <\/div>    <script>      jQuery(document).ready(function () {        bwg_main_ready();      });    <\/script>    \n\n\n\n<section class=\"wp-block-themeisle-blocks-advanced-columns alignfull has-2-columns has-desktop-equal-layout has-tablet-equal-layout has-mobile-collapsedRows-layout has-nogap-gap has-vertical-center\" id=\"wp-block-themeisle-blocks-advanced-columns-de72ff39\"><div class=\"wp-block-themeisle-blocks-advanced-columns-overlay\"><\/div><div class=\"innerblocks-wrap\">\n<div class=\"wp-block-themeisle-blocks-advanced-column\" id=\"wp-block-themeisle-blocks-advanced-column-41f6cecb\">\n<p><strong>Pro p\u0159epravu<\/strong> potravin \/ pe\u010diva \/ ob\u011bd\u016f<\/p>\n\n\n\n<p><strong>Pro p\u0159epravu <\/strong>kontejner\u016f s dokumenty<\/p>\n\n\n\n<p><strong>Pro p\u0159epravu<\/strong> hromadn\u00fdch bal\u00edk\u016f a z\u00e1silek<\/p>\n\n\n\n<p><strong>Pro p\u0159epravu<\/strong> komun\u00e1ln\u00edho odpadu<\/p>\n\n\n<p class='wp-call-button-block-button wp-call-button-block-button-center'><a class='wp-call-button-in-btn' href='tel:+420228224068' style='' ><svg x=\"0px\" y=\"0px\" width=\"459px\" height=\"459px\" viewBox=\"0 0 459 459\">\n\t\t\t\t<path\n\t\t\t\t\td=\"M91.8,198.9c35.7,71.4,96.9,130.05,168.3,168.3L316.2,311.1c7.649-7.649,17.85-10.199,25.5-5.1c28.05,10.2,58.649,15.3,91.8,15.3c15.3,0,25.5,10.2,25.5,25.5v86.7c0,15.3-10.2,25.5-25.5,25.5C193.8,459,0,265.2,0,25.5C0,10.2,10.2,0,25.5,0h89.25c15.3,0,25.5,10.2,25.5,25.5c0,30.6,5.1,61.2,15.3,91.8c2.55,7.65,0,17.85-5.1,25.5L91.8,198.9z\"\n\t\t\t\t\/>\n\t\t\t<\/svg> Zavolejte&#8230;<\/a><\/p>\n\n\n<figure class=\"wp-block-image size-large is-resized is-style-default\"><img loading=\"lazy\" decoding=\"async\" src=\"https:\/\/cargo-bajkeri.cz\/wp-content\/uploads\/2021\/11\/mapy.png\" alt=\"\" class=\"wp-image-601\" width=\"308\" height=\"174\" srcset=\"https:\/\/cargo-bajkeri.cz\/wp-content\/uploads\/2021\/11\/mapy.png 234w, https:\/\/cargo-bajkeri.cz\/wp-content\/uploads\/2021\/11\/mapy-120x68.png 120w, https:\/\/cargo-bajkeri.cz\/wp-content\/uploads\/2021\/11\/mapy-100x56.png 100w\" sizes=\"(max-width: 308px) 100vw, 308px\" \/><figcaption>Mapa pokryt\u00ed slu\u017eby v Praze<\/figcaption><\/figure>\n\n\n\n<p><em>\u201e<strong>Kontejnerovou p\u0159epravu<\/strong> vyu\u017e\u00edv\u00e1m d\u00e9le ne\u017e dva roky pro ka\u017edodenn\u00ed z\u00e1sobov\u00e1n\u00ed na\u0161ich provozoven i partnersk\u00fdch kav\u00e1ren. Cargo-Bajke\u0159i se dok\u00e1\u017e\u00ed p\u0159izp\u016fsobit m\u00fdm specifick\u00fdm po\u017eadavk\u016fm a d\u00edky tomu jsme mohli p\u0159estat pou\u017e\u00edvat firemn\u00ed automobil. Nyn\u00ed rozv\u00e1\u017e\u00edme na\u0161e pol\u00e9vky i koncov\u00fdm z\u00e1kazn\u00edk\u016fm .\u201c<\/em> <\/p>\n\n\n\n<p><em>Martin Jel\u00ednek, Pol\u00e9vk\u00e1rna<\/em><\/p>\n<\/div>\n\n\n\n<div class=\"wp-block-themeisle-blocks-advanced-column\" id=\"wp-block-themeisle-blocks-advanced-column-5af0a9d5\">\n<p class=\"has-text-align-left\">Z\u00e1kladn\u00edm transportn\u00edm celkem je kontejner o rozm\u011bru 600 x 400 x 435 mm. Na emailu <a href=\"mailto:podatelna@4AVs.eu\">podatelna@4AVs.eu<\/a> po\u017e\u00e1d\u00e1te o registraci slu\u017eby. Po jej\u00edm \u00fasp\u011b\u0161n\u00e9m dokon\u010den\u00ed poskytovatel slu\u017eby dod\u00e1 na z\u00e1lohu jeden \u010di v\u00edce kontejner\u016f po\u017eadovan\u00e9 velikosti a nosnosti.<\/p>\n\n\n\n<figure class=\"wp-block-image size-large is-resized\"><img loading=\"lazy\" decoding=\"async\" src=\"https:\/\/cargo-bajkeri.cz\/wp-content\/uploads\/2021\/11\/Kontejnery-5.png\" alt=\"\" class=\"wp-image-630\" width=\"360\" height=\"126\" srcset=\"https:\/\/cargo-bajkeri.cz\/wp-content\/uploads\/2021\/11\/Kontejnery-5.png 665w, https:\/\/cargo-bajkeri.cz\/wp-content\/uploads\/2021\/11\/Kontejnery-5-300x105.png 300w, https:\/\/cargo-bajkeri.cz\/wp-content\/uploads\/2021\/11\/Kontejnery-5-120x42.png 120w, https:\/\/cargo-bajkeri.cz\/wp-content\/uploads\/2021\/11\/Kontejnery-5-100x35.png 100w\" sizes=\"(max-width: 360px) 100vw, 360px\" \/><\/figure>\n\n\n\n<h5 class=\"wp-block-heading\">Objedn\u00e1vky je mo\u017en\u00e9 zas\u00edlat do p\u00e1tku, do 16 hodiny &#8211; objedn\u00e1vky na n\u00e1sleduj\u00edc\u00ed t\u00fdden (slu\u017eba garance rozvozu v\u00a0dan\u00e9m dni) nebo ka\u017ed\u00fd pracovn\u00ed den, do 16 hodiny (slu\u017eba maxim\u00e1ln\u00ed snahy rozvozu v\u00a0po\u017eadovan\u00e9m dni dan\u00e9ho t\u00fddne).<\/h5>\n\n\n\n<p>Objedn\u00e1vky je mo\u017en\u00e9 pos\u00edlat i b\u011bhem dne (slu\u017eba maxim\u00e1ln\u00ed snahy expresn\u00edho rozvozu v\u00a0aktu\u00e1ln\u00edm dni za p\u0159\u00edplatek).<\/p>\n\n\n\n<p><\/p>\n\n\n\n<p><\/p>\n\n\n\n<ul id=\"block-26f0e020-1514-4d29-9279-3a4ce1e8c820\"><li>Praha 1 (110 00) &#8211; Nov\u00e9 a Star\u00e9 m\u011bsto<\/li><li>Praha 2 (120 00) &#8211; Vinohrady<\/li><li>Praha 3 (130 00) &#8211; \u017di\u017ekov<\/li><li>Praha 5 (150 00) &#8211; Sm\u00edchov<\/li><li>Praha 6 (160 00) &#8211; Dejvice<\/li><li>Praha 7 (170 00) &#8211; Hole\u0161ovice<\/li><li>Praha 8 (186 00) &#8211; Karl\u00edn<\/li><\/ul>\n\n\n\n<p>Pozn. dle dohody je mo\u017en\u00e9 rozv\u00e1\u017eet i na jin\u00e9 regiony<\/p>\n\n\n\n<p><\/p>\n\n\n\n<p><\/p>\n\n\n\n<p><\/p>\n<\/div>\n<\/div><\/section>\n\n\n\n<figure class=\"wp-block-table\"><table><tbody><tr><td>Typ kontejneru<\/td><td>Nosnost kontejneru<\/td><td>Velikost kontejneru<\/td><td>Typ slu\u017eby<\/td><td>Cena<\/td><\/tr><tr><td>M<\/td><td>12 Kg<\/td><td>600x400x235 mm<\/td><td>Rozvoz<\/td><td>od 99,00 K\u010d<\/td><\/tr><tr><td>M &#8211; Termo<\/td><td>12 Kg<\/td><td>600x400x235 mm<\/td><td>Rozvoz<\/td><td>od 99,00 K\u010d<\/td><\/tr><tr><td>M &#8211; Back<\/td><td>6 Kg<\/td><td>600x400x235 mm<\/td><td>Svoz obal\u016f<\/td><td>od 49,00 K\u010d<\/td><\/tr><tr><td>L<\/td><td>24 Kg<\/td><td>600x400x435 mm<\/td><td>Rozvoz<\/td><td>od 149,00 K\u010d<\/td><\/tr><tr><td>L &#8211; Termo<\/td><td>24 Kg<\/td><td>600x400x435 mm<\/td><td>Rozvoz<\/td><td>od 149,00 K\u010d<\/td><\/tr><tr><td>L &#8211; Back<\/td><td>12 Kg<\/td><td>600x400x435 mm<\/td><td>Svoz obal\u016f<\/td><td>od 79,00 K\u010d<\/td><\/tr><tr><td>XL<\/td><td>48 Kg<\/td><td>800x800x790 mm<\/td><td>Rozvoz<\/td><td>od 249,00 K\u010d<\/td><\/tr><tr><td>XL &#8211; Termo<\/td><td>48 Kg<\/td><td>800x800x790 mm<\/td><td>Rozvoz<\/td><td>od 249,00 K\u010d<\/td><\/tr><tr><td>XL &#8211; Back<\/td><td>24 Kg<\/td><td>800x800x790 mm<\/td><td>Svoz obal\u016f<\/td><td>od 129,00 K\u010d<\/td><\/tr><\/tbody><\/table><figcaption>P\u0159i dlouhodob\u00e9m kontraktu jsou ceny dle dohody, uveden\u00e9 ceny jsou bez DPH<\/figcaption><\/figure>\n","protected":false},"excerpt":{"rendered":"<p>Typ kontejneru Nosnost kontejneru Velikost kontejneru Typ slu\u017eby Cena M 12 Kg 600x400x235 mm Rozvoz od 99,00 K\u010d M &#8211; Termo 12 Kg 600x400x235 mm Rozvoz od 99,00 K\u010d M &#8211; Back 6 Kg 600x400x235 mm Svoz obal\u016f od 49,00 K\u010d L 24 Kg 600x400x435 mm Rozvoz od 149,00 K\u010d L &#8211; Termo 24 Kg <a href=\"https:\/\/cargo-bajkeri.cz\/?page_id=592\" rel=\"nofollow\"><span class=\"sr-only\">P\u0159e\u010d\u00edst si v\u00edc oBezemisn\u00ed kontejnerov\u00e1 p\u0159eprava zbo\u017e\u00ed  v Praze<\/span>[&hellip;]<\/a><\/p>\n","protected":false},"author":1,"featured_media":0,"parent":0,"menu_order":0,"comment_status":"closed","ping_status":"closed","template":"","meta":{"footnotes":""},"_links":{"self":[{"href":"https:\/\/cargo-bajkeri.cz\/index.php?rest_route=\/wp\/v2\/pages\/592"}],"collection":[{"href":"https:\/\/cargo-bajkeri.cz\/index.php?rest_route=\/wp\/v2\/pages"}],"about":[{"href":"https:\/\/cargo-bajkeri.cz\/index.php?rest_route=\/wp\/v2\/types\/page"}],"author":[{"embeddable":true,"href":"https:\/\/cargo-bajkeri.cz\/index.php?rest_route=\/wp\/v2\/users\/1"}],"replies":[{"embeddable":true,"href":"https:\/\/cargo-bajkeri.cz\/index.php?rest_route=%2Fwp%2Fv2%2Fcomments&post=592"}],"version-history":[{"count":51,"href":"https:\/\/cargo-bajkeri.cz\/index.php?rest_route=\/wp\/v2\/pages\/592\/revisions"}],"predecessor-version":[{"id":755,"href":"https:\/\/cargo-bajkeri.cz\/index.php?rest_route=\/wp\/v2\/pages\/592\/revisions\/755"}],"wp:attachment":[{"href":"https:\/\/cargo-bajkeri.cz\/index.php?rest_route=%2Fwp%2Fv2%2Fmedia&parent=592"}],"curies":[{"name":"wp","href":"https:\/\/api.w.org\/{rel}","templated":true}]}}