{"id":395,"date":"2020-07-29T21:31:27","date_gmt":"2020-07-29T20:31:27","guid":{"rendered":"https:\/\/cargo-bajkeri.cz\/?post_type=product&#038;p=395"},"modified":"2020-08-04T22:45:19","modified_gmt":"2020-08-04T21:45:19","slug":"propiska-carti-s-logem-cargo-bajkeru","status":"publish","type":"product","link":"https:\/\/cargo-bajkeri.cz\/?product=propiska-carti-s-logem-cargo-bajkeru","title":{"rendered":"Pap\u00edrov\u00e1 propisovac\u00ed tu\u017eka Carti"},"content":{"rendered":"<p>Pap\u00edrov\u00e1 propisovac\u00ed tu\u017eka Carti<\/p>\n","protected":false},"excerpt":{"rendered":"<p>Pap\u00edrov\u00e1 propisovac\u00ed tu\u017eka Carti<\/p>\n","protected":false},"featured_media":427,"comment_status":"open","ping_status":"closed","template":"","meta":[],"_links":{"self":[{"href":"https:\/\/cargo-bajkeri.cz\/index.php?rest_route=\/wp\/v2\/product\/395"}],"collection":[{"href":"https:\/\/cargo-bajkeri.cz\/index.php?rest_route=\/wp\/v2\/product"}],"about":[{"href":"https:\/\/cargo-bajkeri.cz\/index.php?rest_route=\/wp\/v2\/types\/product"}],"replies":[{"embeddable":true,"href":"https:\/\/cargo-bajkeri.cz\/index.php?rest_route=%2Fwp%2Fv2%2Fcomments&post=395"}],"wp:featuredmedia":[{"embeddable":true,"href":"https:\/\/cargo-bajkeri.cz\/index.php?rest_route=\/wp\/v2\/media\/427"}],"wp:attachment":[{"href":"https:\/\/cargo-bajkeri.cz\/index.php?rest_route=%2Fwp%2Fv2%2Fmedia&parent=395"}],"curies":[{"name":"wp","href":"https:\/\/api.w.org\/{rel}","templated":true}]}}