{"id":413,"date":"2020-07-29T21:38:30","date_gmt":"2020-07-29T20:38:30","guid":{"rendered":"https:\/\/cargo-bajkeri.cz\/?post_type=product&#038;p=413"},"modified":"2020-08-04T22:39:47","modified_gmt":"2020-08-04T21:39:47","slug":"sklenena-lahev-s-logem-cargo-bajkeru","status":"publish","type":"product","link":"https:\/\/cargo-bajkeri.cz\/?product=sklenena-lahev-s-logem-cargo-bajkeru","title":{"rendered":"Sportovn\u00ed l\u00e1hev ze skla, 520ml"},"content":{"rendered":"<p>Sportovn\u00ed l\u00e1hev ze skla, 520ml<\/p>\n","protected":false},"excerpt":{"rendered":"<p>Sportovn\u00ed l\u00e1hev ze skla, 520ml<\/p>\n","protected":false},"featured_media":420,"comment_status":"open","ping_status":"closed","template":"","meta":[],"_links":{"self":[{"href":"https:\/\/cargo-bajkeri.cz\/index.php?rest_route=\/wp\/v2\/product\/413"}],"collection":[{"href":"https:\/\/cargo-bajkeri.cz\/index.php?rest_route=\/wp\/v2\/product"}],"about":[{"href":"https:\/\/cargo-bajkeri.cz\/index.php?rest_route=\/wp\/v2\/types\/product"}],"replies":[{"embeddable":true,"href":"https:\/\/cargo-bajkeri.cz\/index.php?rest_route=%2Fwp%2Fv2%2Fcomments&post=413"}],"wp:featuredmedia":[{"embeddable":true,"href":"https:\/\/cargo-bajkeri.cz\/index.php?rest_route=\/wp\/v2\/media\/420"}],"wp:attachment":[{"href":"https:\/\/cargo-bajkeri.cz\/index.php?rest_route=%2Fwp%2Fv2%2Fmedia&parent=413"}],"curies":[{"name":"wp","href":"https:\/\/api.w.org\/{rel}","templated":true}]}}