{"id":429,"date":"2020-07-29T23:08:32","date_gmt":"2020-07-29T22:08:32","guid":{"rendered":"https:\/\/cargo-bajkeri.cz\/?post_type=product&#038;p=429"},"modified":"2020-08-19T23:38:34","modified_gmt":"2020-08-19T22:38:34","slug":"sklenena-lahev-cargo-bajkeri","status":"publish","type":"product","link":"https:\/\/cargo-bajkeri.cz\/?product=sklenena-lahev-cargo-bajkeri","title":{"rendered":"Sportovn\u00ed l\u00e1hev ze skla, \u010dern\u00e1, 520ml"},"content":{"rendered":"<p>Sportovn\u00ed l\u00e1hev ze skla, \u010dern\u00e1, 520ml<\/p>\n","protected":false},"excerpt":{"rendered":"<p>Sportovn\u00ed l\u00e1hev ze skla, \u010dern\u00e1, 520ml<\/p>\n","protected":false},"featured_media":418,"comment_status":"open","ping_status":"closed","template":"","meta":[],"_links":{"self":[{"href":"https:\/\/cargo-bajkeri.cz\/index.php?rest_route=\/wp\/v2\/product\/429"}],"collection":[{"href":"https:\/\/cargo-bajkeri.cz\/index.php?rest_route=\/wp\/v2\/product"}],"about":[{"href":"https:\/\/cargo-bajkeri.cz\/index.php?rest_route=\/wp\/v2\/types\/product"}],"replies":[{"embeddable":true,"href":"https:\/\/cargo-bajkeri.cz\/index.php?rest_route=%2Fwp%2Fv2%2Fcomments&post=429"}],"wp:featuredmedia":[{"embeddable":true,"href":"https:\/\/cargo-bajkeri.cz\/index.php?rest_route=\/wp\/v2\/media\/418"}],"wp:attachment":[{"href":"https:\/\/cargo-bajkeri.cz\/index.php?rest_route=%2Fwp%2Fv2%2Fmedia&parent=429"}],"curies":[{"name":"wp","href":"https:\/\/api.w.org\/{rel}","templated":true}]}}