{"id":430,"date":"2020-07-29T23:09:13","date_gmt":"2020-07-29T22:09:13","guid":{"rendered":"https:\/\/cargo-bajkeri.cz\/?post_type=product&#038;p=430"},"modified":"2025-04-11T18:33:00","modified_gmt":"2025-04-11T17:33:00","slug":"zapisnik-cargo-bajkeri","status":"publish","type":"product","link":"https:\/\/cargo-bajkeri.cz\/?product=zapisnik-cargo-bajkeri","title":{"rendered":"Z\u00e1pisn\u00edk, linkovan\u00fd, rozm\u011br 12 x 16,5"},"content":{"rendered":"<p>Z\u00e1pisn\u00edk, linkovan\u00fd, rozm\u011br 12 x 16,5<\/p>\n","protected":false},"excerpt":{"rendered":"<p>Z\u00e1pisn\u00edk, linkovan\u00fd, rozm\u011br 12 x 16,5<\/p>\n","protected":false},"featured_media":415,"comment_status":"open","ping_status":"closed","template":"","meta":[],"_links":{"self":[{"href":"https:\/\/cargo-bajkeri.cz\/index.php?rest_route=\/wp\/v2\/product\/430"}],"collection":[{"href":"https:\/\/cargo-bajkeri.cz\/index.php?rest_route=\/wp\/v2\/product"}],"about":[{"href":"https:\/\/cargo-bajkeri.cz\/index.php?rest_route=\/wp\/v2\/types\/product"}],"replies":[{"embeddable":true,"href":"https:\/\/cargo-bajkeri.cz\/index.php?rest_route=%2Fwp%2Fv2%2Fcomments&post=430"}],"wp:featuredmedia":[{"embeddable":true,"href":"https:\/\/cargo-bajkeri.cz\/index.php?rest_route=\/wp\/v2\/media\/415"}],"wp:attachment":[{"href":"https:\/\/cargo-bajkeri.cz\/index.php?rest_route=%2Fwp%2Fv2%2Fmedia&parent=430"}],"curies":[{"name":"wp","href":"https:\/\/api.w.org\/{rel}","templated":true}]}}