{"id":511,"date":"2020-08-19T23:45:04","date_gmt":"2020-08-19T22:45:04","guid":{"rendered":"https:\/\/cargo-bajkeri.cz\/?post_type=product&#038;p=511"},"modified":"2026-02-11T21:45:05","modified_gmt":"2026-02-11T20:45:05","slug":"sportovni-lahev-ze-skla-zelena-520ml","status":"publish","type":"product","link":"https:\/\/cargo-bajkeri.cz\/?product=sportovni-lahev-ze-skla-zelena-520ml","title":{"rendered":"Sportovn\u00ed l\u00e1hev ze skla, zelen\u00e1, 520ml"},"content":{"rendered":"<p>Sportovn\u00ed l\u00e1hev ze skla, zelen\u00e1, 520ml<\/p>\n","protected":false},"excerpt":{"rendered":"<p><img loading=\"lazy\" decoding=\"async\" class=\"alignnone size-full wp-image-512\" src=\"https:\/\/cargo-bajkeri.cz\/wp-content\/uploads\/2020\/08\/CBZelenaLahev.png\" alt=\"\" width=\"233\" height=\"811\" srcset=\"https:\/\/cargo-bajkeri.cz\/wp-content\/uploads\/2020\/08\/CBZelenaLahev.png 233w, https:\/\/cargo-bajkeri.cz\/wp-content\/uploads\/2020\/08\/CBZelenaLahev-86x300.png 86w, https:\/\/cargo-bajkeri.cz\/wp-content\/uploads\/2020\/08\/CBZelenaLahev-120x418.png 120w, https:\/\/cargo-bajkeri.cz\/wp-content\/uploads\/2020\/08\/CBZelenaLahev-100x348.png 100w\" sizes=\"(max-width: 233px) 100vw, 233px\" \/><\/p>\n","protected":false},"featured_media":512,"comment_status":"open","ping_status":"closed","template":"","meta":[],"_links":{"self":[{"href":"https:\/\/cargo-bajkeri.cz\/index.php?rest_route=\/wp\/v2\/product\/511"}],"collection":[{"href":"https:\/\/cargo-bajkeri.cz\/index.php?rest_route=\/wp\/v2\/product"}],"about":[{"href":"https:\/\/cargo-bajkeri.cz\/index.php?rest_route=\/wp\/v2\/types\/product"}],"replies":[{"embeddable":true,"href":"https:\/\/cargo-bajkeri.cz\/index.php?rest_route=%2Fwp%2Fv2%2Fcomments&post=511"}],"wp:featuredmedia":[{"embeddable":true,"href":"https:\/\/cargo-bajkeri.cz\/index.php?rest_route=\/wp\/v2\/media\/512"}],"wp:attachment":[{"href":"https:\/\/cargo-bajkeri.cz\/index.php?rest_route=%2Fwp%2Fv2%2Fmedia&parent=511"}],"curies":[{"name":"wp","href":"https:\/\/api.w.org\/{rel}","templated":true}]}}